{"id":25,"date":"2024-08-27T16:29:16","date_gmt":"2024-08-27T16:29:16","guid":{"rendered":"https:\/\/thirsty-goldstine.38-242-144-23.plesk.page\/?page_id=25"},"modified":"2025-12-23T10:37:39","modified_gmt":"2025-12-23T10:37:39","slug":"chi-siamo","status":"publish","type":"page","link":"https:\/\/www.sgconfezioni.it\/index.php\/chi-siamo\/","title":{"rendered":"Chi Siamo"},"content":{"rendered":"\n<div class=\"wp-block-group alignfull has-accent-background-color has-background has-global-padding is-layout-constrained wp-container-core-group-is-layout-669513ed wp-block-group-is-layout-constrained\" style=\"margin-top:0;margin-bottom:0;padding-top:var(--wp--preset--spacing--50);padding-right:var(--wp--preset--spacing--50);padding-bottom:var(--wp--preset--spacing--50);padding-left:var(--wp--preset--spacing--50)\">\n<div class=\"wp-block-columns alignwide is-layout-flex wp-container-core-columns-is-layout-1da03c2a wp-block-columns-is-layout-flex\">\n<div class=\"wp-block-column is-vertically-aligned-stretch is-layout-flow wp-block-column-is-layout-flow\" style=\"flex-basis:50%\">\n<div class=\"wp-block-group is-vertical is-content-justification-stretch is-layout-flex wp-container-core-group-is-layout-444d5ee8 wp-block-group-is-layout-flex\" style=\"min-height:100%\">\n<p class=\"has-heading-font-family has-medium-font-size\" style=\"line-height:1.2\">La SG Confezioni Srl \u00e8 stata fondata il dodici Novembre del 2007. In realt\u00e0 la sua storia inizia ben prima di questa data,\u00a0arriva direttamente dagli anni 60 con l\u2019allora giovane sarto Dante Giunchi, che trovandosi a cavallo degli anni \u201cruggenti\u201d decise\u00a0di dare una svolta alla propria vita, fondando la sua sartoria in Forl\u00ed.<\/p>\n\n\n\n<p>Erano anni di grande sviluppo e cambiamenti e ben presto le quattro mura che accoglievano la sartoria gli furono strette, perch\u00e9 la&nbsp;sua indole era quella del sarto \u201cclassico\u201d ma con occhio curioso rivolto al futuro, il fascino della tecnologia unito alla tradizione lo portarono a dare una connotazione nuova al processo di produzione dei capi, assumendo i primi dipendenti.<\/p>\n\n\n\n<p>Il mondo dell\u2019abbigliamento degli anni \u201970 e \u201880 stava vivendo un momento di grande sviluppo, particolarmente proficuo e di grande trasformazione. La storia della nostra azienda nasce proprio da quegli anni lontani, quando il vero Made in Italy stava muovendo i primi passi significativi, e tante piccole realt\u00e0 crebbero, creando quello che oggi \u00e8 diventata l\u2019ossatura della moda italiana.<\/p>\n\n\n\n<p>La SG confezioni Srl \u00e8 figlia di quel passato, fatto di tradizione, amore per il proprio lavoro e cura del prodotto, che oggi vede in Gianluca e Sara la naturale continuazione della missione nata da una sartoria chiusa dentro quattro mura che per\u00f2 ha saputo lasciare un testimone importante alle nuove generazioni, quella artigianalit\u00e0 ed eleganza, condita dal \u2018\u2019saper fare\u2019\u2019&nbsp;tutto Italiano, che oggi \u00e8 il fiore all\u2019occhiello del VERO Made in Italy.<\/p>\n\n\n\n<p>Produrre oggi abbigliamento in Italia \u00e8 una vocazione, forse pu\u00f2 sembrare esagerato\u2026. ma solo chi ha un\u2019autentico amore per questo settore pu\u00f2 sopportare le grandi difficolt\u00e0 che ci troviamo ad affrontare. Stiamo facendo un viaggio dove non abbiamo certezza della meta, \u00e8 un percorso che ci porta a creare e sviluppare, insieme ai nostri Clienti, un prodotto che ancora oggi ci emoziona.<\/p>\n\n\n\n<p>Mark Twain diceva:<\/p>\n\n\n\n<p><em>\u201cTra vent\u2019anni sarete pi\u00f9 delusi per le cose che non avete fatto che per quelle che avete fatto. Quindi mollate le cime.&nbsp;Allontanatevi dal porto sicuro. Prendete con le vostre vele i venti. Esplorate. Sognate. Scoprite.\u201d<\/em><\/p>\n\n\n\n<p>Facciamo nostra questa citazione, ci piace pensare che questo \u00e8 quello che stiamo facendo. Nel nostro percorso speriamo di&nbsp;conoscere persone che amano come noi la moda e tutto il suo mondo, e ogni tanto succede\u2026.. quella strana alchimia si realizza ancora e ci porta a creare un capo o un progetto che ci emoziona.<\/p>\n<\/div>\n<\/div>\n\n\n\n<div class=\"wp-block-column is-vertically-aligned-center is-layout-flow wp-block-column-is-layout-flow\" style=\"flex-basis:50%\">\n<figure class=\"wp-block-image size-large is-resized is-style-rounded is-style-rounded--1\"><img loading=\"lazy\" decoding=\"async\" width=\"737\" height=\"1024\" src=\"https:\/\/thirsty-goldstine.38-242-144-23.plesk.page\/wp-content\/uploads\/2024\/08\/ALTSART2-737x1024.jpg\" alt=\"\" class=\"wp-image-26\" style=\"aspect-ratio:0.75;object-fit:cover;width:423px;height:auto\" srcset=\"https:\/\/www.sgconfezioni.it\/wp-content\/uploads\/2024\/08\/ALTSART2-737x1024.jpg 737w, https:\/\/www.sgconfezioni.it\/wp-content\/uploads\/2024\/08\/ALTSART2-216x300.jpg 216w, https:\/\/www.sgconfezioni.it\/wp-content\/uploads\/2024\/08\/ALTSART2-768x1067.jpg 768w, https:\/\/www.sgconfezioni.it\/wp-content\/uploads\/2024\/08\/ALTSART2.jpg 864w\" sizes=\"auto, (max-width: 737px) 100vw, 737px\" \/><\/figure>\n<\/div>\n<\/div>\n<\/div>\n","protected":false},"excerpt":{"rendered":"<p>La SG Confezioni Srl \u00e8 stata fondata il dodici Novembre del 2007. In realt\u00e0 la sua storia inizia ben prima di questa data,\u00a0arriva direttamente dagli anni 60 con l\u2019allora giovane sarto Dante Giunchi, che trovandosi a cavallo degli anni \u201cruggenti\u201d decise\u00a0di dare una svolta alla propria vita, fondando la sua sartoria in Forl\u00ed. Erano anni [&hellip;]<\/p>\n","protected":false},"author":1,"featured_media":0,"parent":0,"menu_order":0,"comment_status":"closed","ping_status":"closed","template":"","meta":{"footnotes":""},"class_list":["post-25","page","type-page","status-publish","hentry"],"yoast_head":"<!-- This site is optimized with the Yoast SEO plugin v27.5 - https:\/\/yoast.com\/product\/yoast-seo-wordpress\/ -->\n<title>Chi Siamo - SG Confezioni S.r.l.<\/title>\n<meta name=\"robots\" content=\"index, follow, max-snippet:-1, max-image-preview:large, max-video-preview:-1\" \/>\n<link rel=\"canonical\" href=\"https:\/\/www.sgconfezioni.it\/index.php\/chi-siamo\/\" \/>\n<meta property=\"og:locale\" content=\"it_IT\" \/>\n<meta property=\"og:type\" content=\"article\" \/>\n<meta property=\"og:title\" content=\"Chi Siamo - SG Confezioni S.r.l.\" \/>\n<meta property=\"og:description\" content=\"La SG Confezioni Srl \u00e8 stata fondata il dodici Novembre del 2007. In realt\u00e0 la sua storia inizia ben prima di questa data,\u00a0arriva direttamente dagli anni 60 con l\u2019allora giovane sarto Dante Giunchi, che trovandosi a cavallo degli anni \u201cruggenti\u201d decise\u00a0di dare una svolta alla propria vita, fondando la sua sartoria in Forl\u00ed. Erano anni [&hellip;]\" \/>\n<meta property=\"og:url\" content=\"https:\/\/www.sgconfezioni.it\/index.php\/chi-siamo\/\" \/>\n<meta property=\"og:site_name\" content=\"SG Confezioni S.r.l.\" \/>\n<meta property=\"article:modified_time\" content=\"2025-12-23T10:37:39+00:00\" \/>\n<meta property=\"og:image\" content=\"https:\/\/www.sgconfezioni.it\/wp-content\/uploads\/2024\/08\/ALTSART2.jpg\" \/>\n\t<meta property=\"og:image:width\" content=\"864\" \/>\n\t<meta property=\"og:image:height\" content=\"1200\" \/>\n\t<meta property=\"og:image:type\" content=\"image\/jpeg\" \/>\n<meta name=\"twitter:card\" content=\"summary_large_image\" \/>\n<meta name=\"twitter:label1\" content=\"Tempo di lettura stimato\" \/>\n\t<meta name=\"twitter:data1\" content=\"3 minuti\" \/>\n<script type=\"application\/ld+json\" class=\"yoast-schema-graph\">{\"@context\":\"https:\\\/\\\/schema.org\",\"@graph\":[{\"@type\":\"WebPage\",\"@id\":\"https:\\\/\\\/www.sgconfezioni.it\\\/index.php\\\/chi-siamo\\\/\",\"url\":\"https:\\\/\\\/www.sgconfezioni.it\\\/index.php\\\/chi-siamo\\\/\",\"name\":\"Chi Siamo - SG Confezioni S.r.l.\",\"isPartOf\":{\"@id\":\"https:\\\/\\\/www.sgconfezioni.it\\\/#website\"},\"primaryImageOfPage\":{\"@id\":\"https:\\\/\\\/www.sgconfezioni.it\\\/index.php\\\/chi-siamo\\\/#primaryimage\"},\"image\":{\"@id\":\"https:\\\/\\\/www.sgconfezioni.it\\\/index.php\\\/chi-siamo\\\/#primaryimage\"},\"thumbnailUrl\":\"https:\\\/\\\/thirsty-goldstine.38-242-144-23.plesk.page\\\/wp-content\\\/uploads\\\/2024\\\/08\\\/ALTSART2-737x1024.jpg\",\"datePublished\":\"2024-08-27T16:29:16+00:00\",\"dateModified\":\"2025-12-23T10:37:39+00:00\",\"breadcrumb\":{\"@id\":\"https:\\\/\\\/www.sgconfezioni.it\\\/index.php\\\/chi-siamo\\\/#breadcrumb\"},\"inLanguage\":\"it-IT\",\"potentialAction\":[{\"@type\":\"ReadAction\",\"target\":[\"https:\\\/\\\/www.sgconfezioni.it\\\/index.php\\\/chi-siamo\\\/\"]}]},{\"@type\":\"ImageObject\",\"inLanguage\":\"it-IT\",\"@id\":\"https:\\\/\\\/www.sgconfezioni.it\\\/index.php\\\/chi-siamo\\\/#primaryimage\",\"url\":\"https:\\\/\\\/thirsty-goldstine.38-242-144-23.plesk.page\\\/wp-content\\\/uploads\\\/2024\\\/08\\\/ALTSART2-737x1024.jpg\",\"contentUrl\":\"https:\\\/\\\/thirsty-goldstine.38-242-144-23.plesk.page\\\/wp-content\\\/uploads\\\/2024\\\/08\\\/ALTSART2-737x1024.jpg\"},{\"@type\":\"BreadcrumbList\",\"@id\":\"https:\\\/\\\/www.sgconfezioni.it\\\/index.php\\\/chi-siamo\\\/#breadcrumb\",\"itemListElement\":[{\"@type\":\"ListItem\",\"position\":1,\"name\":\"Home\",\"item\":\"https:\\\/\\\/www.sgconfezioni.it\\\/\"},{\"@type\":\"ListItem\",\"position\":2,\"name\":\"Chi Siamo\"}]},{\"@type\":\"WebSite\",\"@id\":\"https:\\\/\\\/www.sgconfezioni.it\\\/#website\",\"url\":\"https:\\\/\\\/www.sgconfezioni.it\\\/\",\"name\":\"SG Confezioni S.r.l.\",\"description\":\"\",\"publisher\":{\"@id\":\"https:\\\/\\\/www.sgconfezioni.it\\\/#organization\"},\"potentialAction\":[{\"@type\":\"SearchAction\",\"target\":{\"@type\":\"EntryPoint\",\"urlTemplate\":\"https:\\\/\\\/www.sgconfezioni.it\\\/?s={search_term_string}\"},\"query-input\":{\"@type\":\"PropertyValueSpecification\",\"valueRequired\":true,\"valueName\":\"search_term_string\"}}],\"inLanguage\":\"it-IT\"},{\"@type\":\"Organization\",\"@id\":\"https:\\\/\\\/www.sgconfezioni.it\\\/#organization\",\"name\":\"SG Confezioni S.r.l.\",\"url\":\"https:\\\/\\\/www.sgconfezioni.it\\\/\",\"logo\":{\"@type\":\"ImageObject\",\"inLanguage\":\"it-IT\",\"@id\":\"https:\\\/\\\/www.sgconfezioni.it\\\/#\\\/schema\\\/logo\\\/image\\\/\",\"url\":\"https:\\\/\\\/www.sgconfezioni.it\\\/wp-content\\\/uploads\\\/2024\\\/08\\\/image.png\",\"contentUrl\":\"https:\\\/\\\/www.sgconfezioni.it\\\/wp-content\\\/uploads\\\/2024\\\/08\\\/image.png\",\"width\":328,\"height\":120,\"caption\":\"SG Confezioni S.r.l.\"},\"image\":{\"@id\":\"https:\\\/\\\/www.sgconfezioni.it\\\/#\\\/schema\\\/logo\\\/image\\\/\"}}]}<\/script>\n<!-- \/ Yoast SEO plugin. -->","yoast_head_json":{"title":"Chi Siamo - SG Confezioni S.r.l.","robots":{"index":"index","follow":"follow","max-snippet":"max-snippet:-1","max-image-preview":"max-image-preview:large","max-video-preview":"max-video-preview:-1"},"canonical":"https:\/\/www.sgconfezioni.it\/index.php\/chi-siamo\/","og_locale":"it_IT","og_type":"article","og_title":"Chi Siamo - SG Confezioni S.r.l.","og_description":"La SG Confezioni Srl \u00e8 stata fondata il dodici Novembre del 2007. In realt\u00e0 la sua storia inizia ben prima di questa data,\u00a0arriva direttamente dagli anni 60 con l\u2019allora giovane sarto Dante Giunchi, che trovandosi a cavallo degli anni \u201cruggenti\u201d decise\u00a0di dare una svolta alla propria vita, fondando la sua sartoria in Forl\u00ed. Erano anni [&hellip;]","og_url":"https:\/\/www.sgconfezioni.it\/index.php\/chi-siamo\/","og_site_name":"SG Confezioni S.r.l.","article_modified_time":"2025-12-23T10:37:39+00:00","og_image":[{"width":864,"height":1200,"url":"https:\/\/www.sgconfezioni.it\/wp-content\/uploads\/2024\/08\/ALTSART2.jpg","type":"image\/jpeg"}],"twitter_card":"summary_large_image","twitter_misc":{"Tempo di lettura stimato":"3 minuti"},"schema":{"@context":"https:\/\/schema.org","@graph":[{"@type":"WebPage","@id":"https:\/\/www.sgconfezioni.it\/index.php\/chi-siamo\/","url":"https:\/\/www.sgconfezioni.it\/index.php\/chi-siamo\/","name":"Chi Siamo - SG Confezioni S.r.l.","isPartOf":{"@id":"https:\/\/www.sgconfezioni.it\/#website"},"primaryImageOfPage":{"@id":"https:\/\/www.sgconfezioni.it\/index.php\/chi-siamo\/#primaryimage"},"image":{"@id":"https:\/\/www.sgconfezioni.it\/index.php\/chi-siamo\/#primaryimage"},"thumbnailUrl":"https:\/\/thirsty-goldstine.38-242-144-23.plesk.page\/wp-content\/uploads\/2024\/08\/ALTSART2-737x1024.jpg","datePublished":"2024-08-27T16:29:16+00:00","dateModified":"2025-12-23T10:37:39+00:00","breadcrumb":{"@id":"https:\/\/www.sgconfezioni.it\/index.php\/chi-siamo\/#breadcrumb"},"inLanguage":"it-IT","potentialAction":[{"@type":"ReadAction","target":["https:\/\/www.sgconfezioni.it\/index.php\/chi-siamo\/"]}]},{"@type":"ImageObject","inLanguage":"it-IT","@id":"https:\/\/www.sgconfezioni.it\/index.php\/chi-siamo\/#primaryimage","url":"https:\/\/thirsty-goldstine.38-242-144-23.plesk.page\/wp-content\/uploads\/2024\/08\/ALTSART2-737x1024.jpg","contentUrl":"https:\/\/thirsty-goldstine.38-242-144-23.plesk.page\/wp-content\/uploads\/2024\/08\/ALTSART2-737x1024.jpg"},{"@type":"BreadcrumbList","@id":"https:\/\/www.sgconfezioni.it\/index.php\/chi-siamo\/#breadcrumb","itemListElement":[{"@type":"ListItem","position":1,"name":"Home","item":"https:\/\/www.sgconfezioni.it\/"},{"@type":"ListItem","position":2,"name":"Chi Siamo"}]},{"@type":"WebSite","@id":"https:\/\/www.sgconfezioni.it\/#website","url":"https:\/\/www.sgconfezioni.it\/","name":"SG Confezioni S.r.l.","description":"","publisher":{"@id":"https:\/\/www.sgconfezioni.it\/#organization"},"potentialAction":[{"@type":"SearchAction","target":{"@type":"EntryPoint","urlTemplate":"https:\/\/www.sgconfezioni.it\/?s={search_term_string}"},"query-input":{"@type":"PropertyValueSpecification","valueRequired":true,"valueName":"search_term_string"}}],"inLanguage":"it-IT"},{"@type":"Organization","@id":"https:\/\/www.sgconfezioni.it\/#organization","name":"SG Confezioni S.r.l.","url":"https:\/\/www.sgconfezioni.it\/","logo":{"@type":"ImageObject","inLanguage":"it-IT","@id":"https:\/\/www.sgconfezioni.it\/#\/schema\/logo\/image\/","url":"https:\/\/www.sgconfezioni.it\/wp-content\/uploads\/2024\/08\/image.png","contentUrl":"https:\/\/www.sgconfezioni.it\/wp-content\/uploads\/2024\/08\/image.png","width":328,"height":120,"caption":"SG Confezioni S.r.l."},"image":{"@id":"https:\/\/www.sgconfezioni.it\/#\/schema\/logo\/image\/"}}]}},"_links":{"self":[{"href":"https:\/\/www.sgconfezioni.it\/index.php\/wp-json\/wp\/v2\/pages\/25","targetHints":{"allow":["GET"]}}],"collection":[{"href":"https:\/\/www.sgconfezioni.it\/index.php\/wp-json\/wp\/v2\/pages"}],"about":[{"href":"https:\/\/www.sgconfezioni.it\/index.php\/wp-json\/wp\/v2\/types\/page"}],"author":[{"embeddable":true,"href":"https:\/\/www.sgconfezioni.it\/index.php\/wp-json\/wp\/v2\/users\/1"}],"replies":[{"embeddable":true,"href":"https:\/\/www.sgconfezioni.it\/index.php\/wp-json\/wp\/v2\/comments?post=25"}],"version-history":[{"count":4,"href":"https:\/\/www.sgconfezioni.it\/index.php\/wp-json\/wp\/v2\/pages\/25\/revisions"}],"predecessor-version":[{"id":64,"href":"https:\/\/www.sgconfezioni.it\/index.php\/wp-json\/wp\/v2\/pages\/25\/revisions\/64"}],"wp:attachment":[{"href":"https:\/\/www.sgconfezioni.it\/index.php\/wp-json\/wp\/v2\/media?parent=25"}],"curies":[{"name":"wp","href":"https:\/\/api.w.org\/{rel}","templated":true}]}}